{"id":3,"date":"2021-06-09T16:35:05","date_gmt":"2021-06-09T19:35:05","guid":{"rendered":"https:\/\/vinhedoscuiaba.com.br\/blog\/?page_id=3"},"modified":"2021-06-17T16:36:12","modified_gmt":"2021-06-17T19:36:12","slug":"politica-de-privacidade","status":"publish","type":"page","link":"https:\/\/vinhedoscuiaba.com.br\/blog\/politica-de-privacidade\/","title":{"rendered":"Pol\u00edtica de privacidade"},"content":{"rendered":"<div id=\"cmsmasters_row_\" class=\"cmsmasters_row cmsmasters_color_scheme_default cmsmasters_row_top_default cmsmasters_row_bot_default cmsmasters_row_boxed\">\n<div class=\"cmsmasters_row_outer_parent\">\n<div class=\"cmsmasters_row_outer\">\n<div class=\"cmsmasters_row_inner\">\n<div class=\"cmsmasters_row_margin\">\n<div id=\"cmsmasters_column_\" class=\"cmsmasters_column one_first\">\n<div class=\"cmsmasters_column_inner\"><div class=\"cmsmasters_text\">\n<h2 class=\"wp-block-heading\">Quem somos<\/h2>\n<p>O endere\u00e7o do nosso site \u00e9: https:\/\/vinhedoscuiaba.com.br\/blog<\/p>\n<p><!-- \/wp:post-content --><\/p>\n<p><!-- wp:heading --><\/p>\n<h2>Cookies<\/h2>\n<p><!-- \/wp:heading --><\/p>\n<p>Ao deixar um coment\u00e1rio no site, voc\u00ea poder\u00e1 optar por salvar seu nome, e-mail e site nos cookies. Isso visa seu conforto, assim voc\u00ea n\u00e3o precisar\u00e1 preencher seus dados novamente quando fizer outro coment\u00e1rio. Estes cookies duram um ano.<\/p>\n<p><!-- \/wp:paragraph --><\/p>\n<p><!-- wp:paragraph -->Se voc\u00ea tem uma conta e acessa este site, um cookie tempor\u00e1rio ser\u00e1 criado para determinar se seu navegador aceita cookies. Ele n\u00e3o cont\u00e9m nenhum dado pessoal e ser\u00e1 descartado quando voc\u00ea fechar seu navegador.<\/p>\n<p><!-- \/wp:paragraph --><\/p>\n<p><!-- wp:paragraph -->Quando voc\u00ea acessa sua conta no site, tamb\u00e9m criamos v\u00e1rios cookies para salvar os dados da sua conta e suas escolhas de exibi\u00e7\u00e3o de tela. Cookies de login s\u00e3o mantidos por dois dias e cookies de op\u00e7\u00f5es de tela por um ano. Se voc\u00ea selecionar &#8220;Lembrar-me&#8221;, seu acesso ser\u00e1 mantido por duas semanas. Se voc\u00ea se desconectar da sua conta, os cookies de login ser\u00e3o removidos.<\/p>\n<p><!-- \/wp:paragraph --><\/p>\n<p><!-- wp:paragraph -->Se voc\u00ea editar ou publicar um artigo, um cookie adicional ser\u00e1 salvo no seu navegador. Este cookie n\u00e3o inclui nenhum dado pessoal e simplesmente indica o ID do post referente ao artigo que voc\u00ea acabou de editar. Ele expira depois de 1 dia.<\/p>\n<p><!-- \/wp:paragraph --><\/p>\n<p><!-- wp:heading --><\/p>\n<h2>M\u00eddia incorporada de outros sites<\/h2>\n<p><!-- \/wp:heading --><\/p>\n<p>Artigos neste site podem incluir conte\u00fado incorporado como, por exemplo, v\u00eddeos, imagens, artigos etc. Conte\u00fados incorporados de outros sites se comportam exatamente da mesma forma como se o visitante estivesse visitando o outro site.<\/p>\n<p><!-- \/wp:paragraph --><\/p>\n<p><!-- wp:paragraph -->Estes sites podem coletar dados sobre voc\u00ea, usar cookies, incorporar rastreamento adicional de terceiros e monitorar sua intera\u00e7\u00e3o com este conte\u00fado incorporado, incluindo sua intera\u00e7\u00e3o com o conte\u00fado incorporado se voc\u00ea tem uma conta e est\u00e1 conectado com o site.<\/p>\n<p><!-- \/wp:paragraph --><\/p>\n<p><!-- wp:heading --><\/p>\n<h2>Com quem partilhamos seus dados<\/h2>\n<p><!-- \/wp:heading --><\/p>\n<p>Seus dados est\u00e3o protegidos pela LGPD, eles n\u00e3o ser\u00e3o utilizados em quaisquer circunst\u00e2ncias que n\u00e3o o envio de mensagens e e-mails de divulga\u00e7\u00e3o e conte\u00fado sobre o empreendimento.<\/p>\n<p><!-- \/wp:paragraph --><\/p>\n<p><!-- wp:heading --><\/p>\n<h2>Por quanto tempo mantemos os seus dados<\/h2>\n<p><!-- \/wp:heading --><\/p>\n<p>Se voc\u00ea deixar um coment\u00e1rio, o coment\u00e1rio e os seus metadados s\u00e3o conservados indefinidamente. Fazemos isso para que seja poss\u00edvel reconhecer e aprovar automaticamente qualquer coment\u00e1rio posterior ao inv\u00e9s de ret\u00ea-lo para modera\u00e7\u00e3o.<\/p>\n<p><!-- \/wp:paragraph --><\/p>\n<p><!-- wp:paragraph -->Para usu\u00e1rios que se registram no nosso site (se houver), tamb\u00e9m guardamos as informa\u00e7\u00f5es pessoais que fornecem no seu perfil de usu\u00e1rio. Todos os usu\u00e1rios podem ver, editar ou excluir suas informa\u00e7\u00f5es pessoais a qualquer momento (s\u00f3 n\u00e3o \u00e9 poss\u00edvel alterar o seu username). Os administradores de sites tamb\u00e9m podem ver e editar estas informa\u00e7\u00f5es.<\/p>\n<p><!-- \/wp:paragraph --><\/p>\n<p><!-- wp:heading --><\/p>\n<h2>Quais os seus direitos sobre seus dados<\/h2>\n<p><!-- \/wp:heading --><\/p>\n<p>Se voc\u00ea tiver uma conta neste site ou se tiver deixado coment\u00e1rios, pode solicitar um arquivo exportado dos dados pessoais que mantemos sobre voc\u00ea, inclusive quaisquer dados que nos tenha fornecido. Tamb\u00e9m pode solicitar que removamos qualquer dado pessoal que mantemos sobre voc\u00ea. Isto n\u00e3o inclui nenhuns dados que somos obrigados a manter para prop\u00f3sitos administrativos, legais ou de seguran\u00e7a.<\/p>\n<p><!-- \/wp:paragraph --><\/p>\n<p><!-- wp:heading --><\/p>\n<h2>Para onde enviamos seus dados<\/h2>\n<p><!-- \/wp:heading --><\/p>\n<p>Coment\u00e1rios de visitantes podem ser marcados por um servi\u00e7o autom\u00e1tico de detec\u00e7\u00e3o de spam.<\/p>\n<p><!-- \/wp:paragraph --><\/p>\n<\/div>\n<\/div><\/div>\n<\/div>\n<\/div>\n<\/div>\n<\/div>\n<\/div>\n","protected":false},"excerpt":{"rendered":"","protected":false},"author":1,"featured_media":0,"parent":0,"menu_order":0,"comment_status":"closed","ping_status":"closed","template":"","meta":{"footnotes":""},"class_list":["post-3","page","type-page","status-publish","hentry"],"yoast_head":"<!-- This site is optimized with the Yoast SEO plugin v20.10 - https:\/\/yoast.com\/wordpress\/plugins\/seo\/ -->\n<title>Pol\u00edtica de privacidade | Blog Vinhedos<\/title>\n<meta name=\"description\" content=\"Bairro Vinhedos, Cuiab\u00e1, Mato Grosso\" \/>\n<meta name=\"robots\" content=\"index, follow, max-snippet:-1, max-image-preview:large, max-video-preview:-1\" \/>\n<link rel=\"canonical\" href=\"https:\/\/vinhedoscuiaba.com.br\/blog\/politica-de-privacidade\/\" \/>\n<meta property=\"og:locale\" content=\"pt_BR\" \/>\n<meta property=\"og:type\" content=\"article\" \/>\n<meta property=\"og:title\" content=\"Pol\u00edtica de privacidade | Blog Vinhedos\" \/>\n<meta property=\"og:description\" content=\"Bairro Vinhedos, Cuiab\u00e1, Mato Grosso\" \/>\n<meta property=\"og:url\" content=\"https:\/\/vinhedoscuiaba.com.br\/blog\/politica-de-privacidade\/\" \/>\n<meta property=\"og:site_name\" content=\"Blog Vinhedos\" \/>\n<meta property=\"article:publisher\" content=\"https:\/\/www.facebook.com\/vinhedoscuiaba\" \/>\n<meta property=\"article:modified_time\" content=\"2021-06-17T19:36:12+00:00\" \/>\n<meta name=\"twitter:card\" content=\"summary_large_image\" \/>\n<meta name=\"twitter:label1\" content=\"Est. tempo de leitura\" \/>\n\t<meta name=\"twitter:data1\" content=\"3 minutos\" \/>\n<script type=\"application\/ld+json\" class=\"yoast-schema-graph\">{\"@context\":\"https:\/\/schema.org\",\"@graph\":[{\"@type\":\"WebPage\",\"@id\":\"https:\/\/vinhedoscuiaba.com.br\/blog\/politica-de-privacidade\/\",\"url\":\"https:\/\/vinhedoscuiaba.com.br\/blog\/politica-de-privacidade\/\",\"name\":\"Pol\u00edtica de privacidade | Blog Vinhedos\",\"isPartOf\":{\"@id\":\"https:\/\/vinhedoscuiaba.com.br\/blog\/#website\"},\"datePublished\":\"2021-06-09T19:35:05+00:00\",\"dateModified\":\"2021-06-17T19:36:12+00:00\",\"description\":\"Bairro Vinhedos, Cuiab\u00e1, Mato Grosso\",\"breadcrumb\":{\"@id\":\"https:\/\/vinhedoscuiaba.com.br\/blog\/politica-de-privacidade\/#breadcrumb\"},\"inLanguage\":\"pt-BR\",\"potentialAction\":[{\"@type\":\"ReadAction\",\"target\":[\"https:\/\/vinhedoscuiaba.com.br\/blog\/politica-de-privacidade\/\"]}]},{\"@type\":\"BreadcrumbList\",\"@id\":\"https:\/\/vinhedoscuiaba.com.br\/blog\/politica-de-privacidade\/#breadcrumb\",\"itemListElement\":[{\"@type\":\"ListItem\",\"position\":1,\"name\":\"Home\",\"item\":\"https:\/\/vinhedoscuiaba.com.br\/blog\/\"},{\"@type\":\"ListItem\",\"position\":2,\"name\":\"Pol\u00edtica de privacidade\"}]},{\"@type\":\"WebSite\",\"@id\":\"https:\/\/vinhedoscuiaba.com.br\/blog\/#website\",\"url\":\"https:\/\/vinhedoscuiaba.com.br\/blog\/\",\"name\":\"Blog Vinhedos\",\"description\":\"O Melhor Bairro na Regi\u00e3o do Santa Rosa\",\"publisher\":{\"@id\":\"https:\/\/vinhedoscuiaba.com.br\/blog\/#organization\"},\"potentialAction\":[{\"@type\":\"SearchAction\",\"target\":{\"@type\":\"EntryPoint\",\"urlTemplate\":\"https:\/\/vinhedoscuiaba.com.br\/blog\/?s={search_term_string}\"},\"query-input\":\"required name=search_term_string\"}],\"inLanguage\":\"pt-BR\"},{\"@type\":\"Organization\",\"@id\":\"https:\/\/vinhedoscuiaba.com.br\/blog\/#organization\",\"name\":\"Abitte Urbanismo\",\"url\":\"https:\/\/vinhedoscuiaba.com.br\/blog\/\",\"logo\":{\"@type\":\"ImageObject\",\"inLanguage\":\"pt-BR\",\"@id\":\"https:\/\/vinhedoscuiaba.com.br\/blog\/#\/schema\/logo\/image\/\",\"url\":\"https:\/\/vinhedoscuiaba.com.br\/blog\/wp-content\/uploads\/2021\/06\/abitte.png\",\"contentUrl\":\"https:\/\/vinhedoscuiaba.com.br\/blog\/wp-content\/uploads\/2021\/06\/abitte.png\",\"width\":153,\"height\":54,\"caption\":\"Abitte Urbanismo\"},\"image\":{\"@id\":\"https:\/\/vinhedoscuiaba.com.br\/blog\/#\/schema\/logo\/image\/\"},\"sameAs\":[\"https:\/\/www.facebook.com\/vinhedoscuiaba\",\"https:\/\/www.instagram.com\/vinhedoscuiaba\/\",\"https:\/\/www.youtube.com\/channel\/UCOSO5ETtBV3uPVlckHQotyg\"]}]}<\/script>\n<!-- \/ Yoast SEO plugin. -->","yoast_head_json":{"title":"Pol\u00edtica de privacidade | Blog Vinhedos","description":"Bairro Vinhedos, Cuiab\u00e1, Mato Grosso","robots":{"index":"index","follow":"follow","max-snippet":"max-snippet:-1","max-image-preview":"max-image-preview:large","max-video-preview":"max-video-preview:-1"},"canonical":"https:\/\/vinhedoscuiaba.com.br\/blog\/politica-de-privacidade\/","og_locale":"pt_BR","og_type":"article","og_title":"Pol\u00edtica de privacidade | Blog Vinhedos","og_description":"Bairro Vinhedos, Cuiab\u00e1, Mato Grosso","og_url":"https:\/\/vinhedoscuiaba.com.br\/blog\/politica-de-privacidade\/","og_site_name":"Blog Vinhedos","article_publisher":"https:\/\/www.facebook.com\/vinhedoscuiaba","article_modified_time":"2021-06-17T19:36:12+00:00","twitter_card":"summary_large_image","twitter_misc":{"Est. tempo de leitura":"3 minutos"},"schema":{"@context":"https:\/\/schema.org","@graph":[{"@type":"WebPage","@id":"https:\/\/vinhedoscuiaba.com.br\/blog\/politica-de-privacidade\/","url":"https:\/\/vinhedoscuiaba.com.br\/blog\/politica-de-privacidade\/","name":"Pol\u00edtica de privacidade | Blog Vinhedos","isPartOf":{"@id":"https:\/\/vinhedoscuiaba.com.br\/blog\/#website"},"datePublished":"2021-06-09T19:35:05+00:00","dateModified":"2021-06-17T19:36:12+00:00","description":"Bairro Vinhedos, Cuiab\u00e1, Mato Grosso","breadcrumb":{"@id":"https:\/\/vinhedoscuiaba.com.br\/blog\/politica-de-privacidade\/#breadcrumb"},"inLanguage":"pt-BR","potentialAction":[{"@type":"ReadAction","target":["https:\/\/vinhedoscuiaba.com.br\/blog\/politica-de-privacidade\/"]}]},{"@type":"BreadcrumbList","@id":"https:\/\/vinhedoscuiaba.com.br\/blog\/politica-de-privacidade\/#breadcrumb","itemListElement":[{"@type":"ListItem","position":1,"name":"Home","item":"https:\/\/vinhedoscuiaba.com.br\/blog\/"},{"@type":"ListItem","position":2,"name":"Pol\u00edtica de privacidade"}]},{"@type":"WebSite","@id":"https:\/\/vinhedoscuiaba.com.br\/blog\/#website","url":"https:\/\/vinhedoscuiaba.com.br\/blog\/","name":"Blog Vinhedos","description":"O Melhor Bairro na Regi\u00e3o do Santa Rosa","publisher":{"@id":"https:\/\/vinhedoscuiaba.com.br\/blog\/#organization"},"potentialAction":[{"@type":"SearchAction","target":{"@type":"EntryPoint","urlTemplate":"https:\/\/vinhedoscuiaba.com.br\/blog\/?s={search_term_string}"},"query-input":"required name=search_term_string"}],"inLanguage":"pt-BR"},{"@type":"Organization","@id":"https:\/\/vinhedoscuiaba.com.br\/blog\/#organization","name":"Abitte Urbanismo","url":"https:\/\/vinhedoscuiaba.com.br\/blog\/","logo":{"@type":"ImageObject","inLanguage":"pt-BR","@id":"https:\/\/vinhedoscuiaba.com.br\/blog\/#\/schema\/logo\/image\/","url":"https:\/\/vinhedoscuiaba.com.br\/blog\/wp-content\/uploads\/2021\/06\/abitte.png","contentUrl":"https:\/\/vinhedoscuiaba.com.br\/blog\/wp-content\/uploads\/2021\/06\/abitte.png","width":153,"height":54,"caption":"Abitte Urbanismo"},"image":{"@id":"https:\/\/vinhedoscuiaba.com.br\/blog\/#\/schema\/logo\/image\/"},"sameAs":["https:\/\/www.facebook.com\/vinhedoscuiaba","https:\/\/www.instagram.com\/vinhedoscuiaba\/","https:\/\/www.youtube.com\/channel\/UCOSO5ETtBV3uPVlckHQotyg"]}]}},"_links":{"self":[{"href":"https:\/\/vinhedoscuiaba.com.br\/blog\/wp-json\/wp\/v2\/pages\/3","targetHints":{"allow":["GET"]}}],"collection":[{"href":"https:\/\/vinhedoscuiaba.com.br\/blog\/wp-json\/wp\/v2\/pages"}],"about":[{"href":"https:\/\/vinhedoscuiaba.com.br\/blog\/wp-json\/wp\/v2\/types\/page"}],"author":[{"embeddable":true,"href":"https:\/\/vinhedoscuiaba.com.br\/blog\/wp-json\/wp\/v2\/users\/1"}],"replies":[{"embeddable":true,"href":"https:\/\/vinhedoscuiaba.com.br\/blog\/wp-json\/wp\/v2\/comments?post=3"}],"version-history":[{"count":0,"href":"https:\/\/vinhedoscuiaba.com.br\/blog\/wp-json\/wp\/v2\/pages\/3\/revisions"}],"wp:attachment":[{"href":"https:\/\/vinhedoscuiaba.com.br\/blog\/wp-json\/wp\/v2\/media?parent=3"}],"curies":[{"name":"wp","href":"https:\/\/api.w.org\/{rel}","templated":true}]}}